{"id":32544,"date":"2025-07-29T19:07:36","date_gmt":"2025-07-29T17:07:36","guid":{"rendered":"https:\/\/www.aequivalent.ch\/contact-v2-refonte\/"},"modified":"2026-02-11T13:22:34","modified_gmt":"2026-02-11T12:22:34","slug":"contact","status":"publish","type":"page","link":"https:\/\/www.aequivalent.ch\/fr\/contact\/","title":{"rendered":"Contact"},"content":{"rendered":"<p><div class=\"fusion-fullwidth fullwidth-box fusion-builder-row-1 fusion-flex-container has-pattern-background has-mask-background nonhundred-percent-fullwidth non-hundred-percent-height-scrolling\" style=\"--awb-border-radius-top-left:0px;--awb-border-radius-top-right:0px;--awb-border-radius-bottom-right:0px;--awb-border-radius-bottom-left:0px;--awb-padding-top:4%;--awb-padding-bottom:0px;--awb-background-color:#a1daf8;--awb-flex-wrap:wrap;\" ><div class=\"fusion-builder-row fusion-row fusion-flex-align-items-flex-start fusion-flex-content-wrap\" style=\"max-width:calc( 1160px + 0px );margin-left: calc(-0px \/ 2 );margin-right: calc(-0px \/ 2 );\"><div class=\"fusion-layout-column fusion_builder_column fusion-builder-column-0 fusion_builder_column_2_3 2_3 fusion-flex-column\" style=\"--awb-padding-right:100px;--awb-padding-right-small:0px;--awb-bg-size:cover;--awb-width-large:66.666666666667%;--awb-margin-top-large:25px;--awb-spacing-right-large:0px;--awb-margin-bottom-large:25px;--awb-spacing-left-large:0px;--awb-width-medium:100%;--awb-order-medium:0;--awb-spacing-right-medium:0px;--awb-spacing-left-medium:0px;--awb-width-small:100%;--awb-order-small:0;--awb-spacing-right-small:0px;--awb-spacing-left-small:0px;\" data-scroll-devices=\"small-visibility,medium-visibility,large-visibility\"><div class=\"fusion-column-wrapper fusion-column-has-shadow fusion-flex-justify-content-flex-start fusion-content-layout-column\"><div class=\"fusion-title title fusion-title-1 fusion-sep-none fusion-title-text fusion-title-size-one\" style=\"--awb-text-color:#ffffff;--awb-margin-top:0px;--awb-margin-bottom:0px;--awb-margin-top-small:0px;--awb-margin-right-small:0px;--awb-margin-bottom-small:20px;--awb-margin-left-small:0px;\"><h1 class=\"fusion-title-heading title-heading-left fusion-responsive-typography-calculated\" style=\"margin:0;--fontSize:49;line-height:1.1;\">Contact &amp; demandes<\/h1><\/div><div class=\"fusion-text fusion-text-1 fusion-text-no-margin\" style=\"--awb-font-size:16px;--awb-margin-top:30px;--awb-margin-bottom:30px;\"><p>Vous avez des questions sur Aequivalent et notre offre de background checks pour collaborateurs? Ou souhaitez r\u00e9server une d\u00e9mo gratuite de notre plateforme? Alors utilisez notre formulaire de contact.<\/p>\n<\/div><div class=\"fusion-separator fusion-full-width-sep\" style=\"align-self: center;margin-left: auto;margin-right: auto;margin-top:0px;margin-bottom:20px;width:100%;\"><\/div>\n<div class=\"wpcf7 no-js\" id=\"wpcf7-f33057-o1\" lang=\"en-US\" dir=\"ltr\" data-wpcf7-id=\"33057\">\n<div class=\"screen-reader-response\"><p role=\"status\" aria-live=\"polite\" aria-atomic=\"true\"><\/p> <ul><\/ul><\/div>\n<form action=\"\/fr\/wp-json\/wp\/v2\/pages\/32544#wpcf7-f33057-o1\" method=\"post\" class=\"wpcf7-form init contact-form\" aria-label=\"Contact form\" novalidate=\"novalidate\" data-status=\"init\">\n<fieldset class=\"hidden-fields-container\"><input type=\"hidden\" name=\"_wpcf7\" value=\"33057\" \/><input type=\"hidden\" name=\"_wpcf7_version\" value=\"6.1.5\" \/><input type=\"hidden\" name=\"_wpcf7_locale\" value=\"en_US\" \/><input type=\"hidden\" name=\"_wpcf7_unit_tag\" value=\"wpcf7-f33057-o1\" \/><input type=\"hidden\" name=\"_wpcf7_container_post\" value=\"0\" \/><input type=\"hidden\" name=\"_wpcf7_posted_data_hash\" value=\"\" \/><input type=\"hidden\" name=\"_wpcf7dtx_version\" value=\"5.0.5\" \/><input type=\"hidden\" name=\"_uacf7_hidden_conditional_fields\" value=\"\" \/>\n<\/fieldset>\n\t\t\t\t<style>\n\t\t\t\t\t.uacf7-uacf7style-33057 label {\n\t\t\t\t\t\tcolor: #000000;font-style: normal;font-weight: normal;\t\t\t\t\t}\n\n\t\t\t\t\t.uacf7-uacf7style-33057 input[type=\"email\"],\n\t\t\t\t\t.uacf7-uacf7style-33057 input[type=\"number\"],\n\t\t\t\t\t.uacf7-uacf7style-33057 input[type=\"password\"],\n\t\t\t\t\t.uacf7-uacf7style-33057 input[type=\"search\"],\n\t\t\t\t\t.uacf7-uacf7style-33057 input[type=\"tel\"],\n\t\t\t\t\t.uacf7-uacf7style-33057 input[type=\"text\"],\n\t\t\t\t\t.uacf7-uacf7style-33057 input[type=\"url\"],\n\t\t\t\t\t.uacf7-uacf7style-33057 input[type=\"date\"],\n\t\t\t\t\t.uacf7-uacf7style-33057 input[type=\"radio\"],\n\t\t\t\t\t.uacf7-uacf7style-33057 input[type=\"checkbox\"],\n\t\t\t\t\t.uacf7-uacf7style-33057 select,\n\t\t\t\t\t.uacf7-uacf7style-33057 textarea {\n\t\t\t\t\t\tcolor: #000000;background-color: #ffffff !important;font-style: normal;font-weight: normal;border-style: none!important;border-radius: 25px;margin-top: 10px;\t\t\t\t\t}\n\n\t\t\t\t\t.uacf7-uacf7style-33057 .wpcf7-radio span,\n\t\t\t\t\t.uacf7-uacf7style-33057 .wpcf7-checkbox span {\n\t\t\t\t\t\tcolor: #000000;font-style: normal;font-weight: normal;\t\t\t\t\t}\n\n\t\t\t\t\t.uacf7-uacf7style-33057 textarea {\n\t\t\t\t\t\t\t\t\t\t\t}\n\n\t\t\t\t\t.wpcf7-form-control-wrap select {\n\t\t\t\t\t\twidth: 100%;\n\t\t\t\t\t}\n\n\t\t\t\t\t.uacf7-uacf7style-33057 input[type=\"submit\"] {\n\t\t\t\t\t\tcolor: #ffffff;background-color: #000000;font-style: normal;font-weight: normal;border-style: none;\t\t\t\t\t}\n\n\t\t\t\t\t.uacf7-uacf7style-33057 input[type=\"submit\"]:hover {\n\t\t\t\t\t\t\t\t\t\t\t}\n\n\t\t\t\t\t\t\t\t\t<\/style>\n\n\t\t\t\t<div class=\"uacf7-uacf7style uacf7-uacf7style-33057\"><div class=\"uacf7-form-wrapper-container uacf7-form-33057  uacf7-uacf7style uacf7-uacf7style-33057\"><div class=\"uacf7-row\">\n<div class=\"uacf7-col-6\"> <label>Pr\u00e9nom *<span class=\"wpcf7-form-control-wrap\" data-name=\"first-name\"><input size=\"40\" maxlength=\"400\" class=\"wpcf7-form-control wpcf7-text wpcf7-validates-as-required\" aria-required=\"true\" aria-invalid=\"false\" value=\"\" type=\"text\" name=\"first-name\" \/><\/span><\/label> <\/div>\n<div class=\"uacf7-col-6\"> <label>Nom *<span class=\"wpcf7-form-control-wrap\" data-name=\"last-name\"><input size=\"40\" maxlength=\"400\" class=\"wpcf7-form-control wpcf7-text wpcf7-validates-as-required\" aria-required=\"true\" aria-invalid=\"false\" value=\"\" type=\"text\" name=\"last-name\" \/><\/span><\/label> <\/div>\n<\/div>\n<br>\n<div class=\"uacf7-row\">\n<div class=\"uacf7-col-6\"><label>E-mail *<span class=\"wpcf7-form-control-wrap\" data-name=\"email\"><input size=\"40\" maxlength=\"400\" class=\"wpcf7-form-control wpcf7-email wpcf7-validates-as-required wpcf7-text wpcf7-validates-as-email\" aria-required=\"true\" aria-invalid=\"false\" value=\"\" type=\"email\" name=\"email\" \/><\/span><\/label> <\/div>\n<div class=\"uacf7-col-6\"><label>Soci\u00e9t\u00e9 *<span class=\"wpcf7-form-control-wrap\" data-name=\"company\"><input size=\"40\" maxlength=\"400\" class=\"wpcf7-form-control wpcf7-text\" aria-invalid=\"false\" value=\"\" type=\"text\" name=\"company\" \/><\/span><\/label> <\/div>\n<\/div>\n<br>\n<div class=\"uacf7-row\">\n<div class=\"uacf7-col-6\"> <label>T\u00e9l\u00e9phone *<span class=\"wpcf7-form-control-wrap\" data-name=\"phone\"><input size=\"40\" class=\"wpcf7-form-control wpcf7-phonetext wpcf7-validates-as-required wpcf7-text wpcf7-validates-as-phonetext\" data-numberonly=\"true\" aria-required=\"true\" aria-invalid=\"false\" value=\"+41\" type=\"text\" name=\"phone\" \/><input type=\"hidden\" name=\"phone-country-code\" class=\"wpcf7-phonetext-country-code\" \/><\/span><\/label> <\/div>\n<\/div>\n<br><br>\n<div class=\"uacf7-row\"><div class=\"uacf7-col-6\"><label>Votre demande? *<br \/>\n<span class=\"wpcf7-form-control-wrap\" data-name=\"object\"><select class=\"wpcf7-form-control wpcf7-select wpcf7-validates-as-required\" aria-required=\"true\" aria-invalid=\"false\" name=\"object\"><option value=\"\">-- Choisissez une option --<\/option><option value=\"Question sur mon dossier en cours\">Question sur mon dossier en cours<\/option><option value=\"Demande d\u2019information\">Demande d\u2019information<\/option><option value=\"Planifier un rendez-vous ou une d\u00e9mo gratuite\">Planifier un rendez-vous ou une d\u00e9mo gratuite<\/option><option value=\"Donner mon avis\">Donner mon avis<\/option><option value=\"Support technique\">Support technique<\/option><option value=\"Autre\">Autre<\/option><\/select><\/span><\/label><\/div>\n<div class=\"uacf7_conditional backgroundcheck\">\n<div class=\"uacf7-col-6\"><p style=\"border-radius:30px; border: 3px solid black; padding:20px;font-size:16px;margin-top:30px;\">Si vous faites l\u2019objet d\u2019une proc\u00e9dure de v\u00e9rification de vos ant\u00e9c\u00e9dents actuellement, veuillez nous contacter via le formulaire de contact depuis votre interface s\u00e9curis\u00e9e ou appelez directement votre personne de contact par t\u00e9l\u00e9phone.<br><br>Merci de votre compr\u00e9hension,<br><br>Votre \u00e9quipe Aequivalent<br>\n<\/div><\/div><\/div>\n<br>\n<div class=\"uacf7_conditional send\">\n<label>Votre message *<br \/>\n<span class=\"wpcf7-form-control-wrap\" data-name=\"your-message\"><textarea cols=\"40\" rows=\"10\" maxlength=\"2000\" class=\"wpcf7-form-control wpcf7-textarea wpcf7-validates-as-required\" aria-required=\"true\" aria-invalid=\"false\" name=\"your-message\"><\/textarea><\/span>\n<\/label>\n<br><br>\n<input class=\"wpcf7-form-control wpcf7-submit has-spinner\" type=\"submit\" value=\"Envoyer\" \/>\n<\/div><\/div><\/div><div class=\"fusion-alert alert custom alert-custom fusion-alert-center wpcf7-response-output fusion-alert-capitalize awb-alert-native-link-color alert-dismissable awb-alert-close-boxed\" style=\"--awb-border-size:1px;--awb-border-top-left-radius:0px;--awb-border-top-right-radius:0px;--awb-border-bottom-left-radius:0px;--awb-border-bottom-right-radius:0px;\" role=\"alert\"><div class=\"fusion-alert-content-wrapper\"><span class=\"fusion-alert-content\"><\/span><\/div><button type=\"button\" class=\"close toggle-alert\" data-dismiss=\"alert\" aria-label=\"Close\">&times;<\/button><\/div>\n<\/form>\n<\/div>\n<\/div><\/div><div class=\"fusion-layout-column fusion_builder_column fusion-builder-column-1 fusion_builder_column_1_3 1_3 fusion-flex-column fusion-animated\" style=\"--awb-padding-right:20px;--awb-padding-left:40px;--awb-bg-blend:overlay;--awb-bg-size:cover;--awb-border-color:#000000;--awb-border-top:0px;--awb-border-right:0px;--awb-border-bottom:0px;--awb-border-left:2px;--awb-border-style:solid;--awb-width-large:33.333333333333%;--awb-margin-top-large:25px;--awb-spacing-right-large:0px;--awb-margin-bottom-large:0px;--awb-spacing-left-large:0px;--awb-width-medium:100%;--awb-spacing-right-medium:0px;--awb-spacing-left-medium:0px;--awb-width-small:100%;--awb-spacing-right-small:0px;--awb-spacing-left-small:0px;\" data-animationType=\"fadeInLeft\" data-animationDuration=\"0.8\" data-animationOffset=\"top-into-view\"><div class=\"fusion-column-wrapper fusion-flex-justify-content-flex-start fusion-content-layout-column\"><div class=\"fusion-title title fusion-title-2 fusion-sep-none fusion-title-text fusion-title-size-two\" style=\"--awb-text-color:#000000;--awb-margin-top:0px;--awb-margin-bottom:60px;--awb-margin-top-small:0px;--awb-margin-right-small:0px;--awb-margin-bottom-small:20px;--awb-margin-left-small:0px;--awb-font-size:30px;\"><h2 class=\"fusion-title-heading title-heading-left fusion-responsive-typography-calculated\" style=\"margin:0;font-size:1em;--fontSize:30;line-height:1.1;\">Nous trouver<\/h2><\/div><div class=\"fusion-text fusion-text-2\" style=\"--awb-font-size:16px;\"><p><span style=\"font-family: Roobert-semibold;\">Aequivalent SA<\/span><br \/>\n<span style=\"color: #000000;\"><a style=\"color: #000000;\" href=\"mailto:info@aequivalent.ch\">info@aequivalent.ch<\/a><\/span><br \/>\n<span style=\"color: #000000;\"><a style=\"color: #000000;\" href=\"tel:+41245243002\">+41 24 524 30 02<\/a><\/span><\/p>\n<p>Yverdon (Si\u00e8ge social)<br \/>\nY-Parc, Rue Galil\u00e9e 6<br \/>\nCH-1400 Yverdon-les-Bains<\/p>\n<p>Berne<br \/>\nGurtengasse 3<br \/>\nCH-3011 Berne<\/p>\n<\/div><\/div><\/div><\/div><\/div><div class=\"fusion-fullwidth fullwidth-box fusion-builder-row-2 fusion-flex-container has-pattern-background has-mask-background nonhundred-percent-fullwidth non-hundred-percent-height-scrolling\" style=\"--awb-border-radius-top-left:0px;--awb-border-radius-top-right:0px;--awb-border-radius-bottom-right:0px;--awb-border-radius-bottom-left:0px;--awb-flex-wrap:wrap;\" ><div class=\"fusion-builder-row fusion-row fusion-flex-align-items-flex-start fusion-flex-content-wrap\" style=\"max-width:1206.4px;margin-left: calc(-4% \/ 2 );margin-right: calc(-4% \/ 2 );\"><div class=\"fusion-layout-column fusion_builder_column fusion-builder-column-2 fusion_builder_column_1_1 1_1 fusion-flex-column\" style=\"--awb-bg-size:cover;--awb-width-large:100%;--awb-margin-top-large:25px;--awb-spacing-right-large:1.92%;--awb-margin-bottom-large:25px;--awb-spacing-left-large:1.92%;--awb-width-medium:100%;--awb-order-medium:0;--awb-spacing-right-medium:1.92%;--awb-spacing-left-medium:1.92%;--awb-width-small:100%;--awb-order-small:0;--awb-spacing-right-small:1.92%;--awb-spacing-left-small:1.92%;\"><div class=\"fusion-column-wrapper fusion-column-has-shadow fusion-flex-justify-content-flex-start fusion-content-layout-column\"><div class=\"fusion-section-separator section-separator curved fusion-section-separator-1\" style=\"--awb-spacer-height:99px;--awb-svg-margin-left:1.92%;--awb-svg-margin-right:1.92%;--awb-svg-margin-left-medium:1.92%;--awb-svg-margin-right-medium:1.92%;--awb-svg-margin-left-small:1.92%;--awb-svg-margin-right-small:1.92%;--awb-divider-height:99px;--awb-spacer-padding-top:inherit;--awb-sep-padding:0;--awb-svg-padding:0;--awb-margin-top:-26px;\"><div class=\"fusion-section-separator-svg\"><svg class=\"fusion-curved-candy\" xmlns=\"http:\/\/www.w3.org\/2000\/svg\" version=\"1.1\" width=\"100%\" height=\"100\" viewBox=\"0 0 100 100\" preserveAspectRatio=\"none\" fill=\"rgba(161,218,248,1)\"><path d=\"M0 0 C 20 100 50 100 100 0 Z\"><\/path><\/svg><\/div><div class=\"fusion-section-separator-spacer\"><div class=\"fusion-section-separator-spacer-height\"><\/div><\/div><\/div><\/div><\/div><\/div><\/div><\/p>\n","protected":false},"excerpt":{"rendered":"","protected":false},"author":6,"featured_media":0,"parent":0,"menu_order":0,"comment_status":"closed","ping_status":"closed","template":"100-width.php","meta":{"footnotes":""},"class_list":["post-32544","page","type-page","status-publish","hentry"],"yoast_head":"<!-- This site is optimized with the Yoast SEO Premium plugin v27.5 (Yoast SEO v27.5) - https:\/\/yoast.com\/product\/yoast-seo-premium-wordpress\/ -->\n<title>Contact | Aequivalent<\/title>\n<meta name=\"description\" content=\"Vous avez des questions ? Contactez-nous via notre formulaire de contact ou directement \u00e0 l&#039;adresse info@aequivalent.ch. Nous serons ravis de vous aider.\" \/>\n<meta name=\"robots\" content=\"index, follow, max-snippet:-1, max-image-preview:large, max-video-preview:-1\" \/>\n<link rel=\"canonical\" href=\"https:\/\/www.aequivalent.ch\/fr\/contact\/\" \/>\n<meta property=\"og:locale\" content=\"fr_FR\" \/>\n<meta property=\"og:type\" content=\"article\" \/>\n<meta property=\"og:title\" content=\"Contact\" \/>\n<meta property=\"og:description\" content=\"Vous avez des questions ? Contactez-nous via notre formulaire de contact ou directement \u00e0 l&#039;adresse info@aequivalent.ch. Nous serons ravis de vous aider.\" \/>\n<meta property=\"og:url\" content=\"https:\/\/www.aequivalent.ch\/fr\/contact\/\" \/>\n<meta property=\"og:site_name\" content=\"Aequivalent\" \/>\n<meta property=\"article:modified_time\" content=\"2026-02-11T12:22:34+00:00\" \/>\n<meta property=\"og:image\" content=\"https:\/\/www.aequivalent.ch\/wp-content\/uploads\/2023\/11\/20231115_Yoast-Site-Image.jpg\" \/>\n\t<meta property=\"og:image:width\" content=\"1200\" \/>\n\t<meta property=\"og:image:height\" content=\"675\" \/>\n\t<meta property=\"og:image:type\" content=\"image\/jpeg\" \/>\n<meta name=\"twitter:card\" content=\"summary_large_image\" \/>\n<meta name=\"twitter:label1\" content=\"Dur\u00e9e de lecture estim\u00e9e\" \/>\n\t<meta name=\"twitter:data1\" content=\"1 minute\" \/>\n<script type=\"application\/ld+json\" class=\"yoast-schema-graph\">{\"@context\":\"https:\\\/\\\/schema.org\",\"@graph\":[{\"@type\":\"WebPage\",\"@id\":\"https:\\\/\\\/www.aequivalent.ch\\\/fr\\\/contact\\\/\",\"url\":\"https:\\\/\\\/www.aequivalent.ch\\\/fr\\\/contact\\\/\",\"name\":\"Contact | Aequivalent\",\"isPartOf\":{\"@id\":\"https:\\\/\\\/www.aequivalent.ch\\\/fr\\\/#website\"},\"datePublished\":\"2025-07-29T17:07:36+00:00\",\"dateModified\":\"2026-02-11T12:22:34+00:00\",\"description\":\"Vous avez des questions ? Contactez-nous via notre formulaire de contact ou directement \u00e0 l'adresse info@aequivalent.ch. Nous serons ravis de vous aider.\",\"breadcrumb\":{\"@id\":\"https:\\\/\\\/www.aequivalent.ch\\\/fr\\\/contact\\\/#breadcrumb\"},\"inLanguage\":\"fr-FR\",\"potentialAction\":[{\"@type\":\"ReadAction\",\"target\":[\"https:\\\/\\\/www.aequivalent.ch\\\/fr\\\/contact\\\/\"]}]},{\"@type\":\"BreadcrumbList\",\"@id\":\"https:\\\/\\\/www.aequivalent.ch\\\/fr\\\/contact\\\/#breadcrumb\",\"itemListElement\":[{\"@type\":\"ListItem\",\"position\":1,\"name\":\"Home\",\"item\":\"https:\\\/\\\/www.aequivalent.ch\\\/fr\\\/\"},{\"@type\":\"ListItem\",\"position\":2,\"name\":\"Contact\"}]},{\"@type\":\"WebSite\",\"@id\":\"https:\\\/\\\/www.aequivalent.ch\\\/fr\\\/#website\",\"url\":\"https:\\\/\\\/www.aequivalent.ch\\\/fr\\\/\",\"name\":\"Aequivalent\",\"description\":\"Quality in employment\",\"publisher\":{\"@id\":\"https:\\\/\\\/www.aequivalent.ch\\\/fr\\\/#organization\"},\"potentialAction\":[{\"@type\":\"SearchAction\",\"target\":{\"@type\":\"EntryPoint\",\"urlTemplate\":\"https:\\\/\\\/www.aequivalent.ch\\\/fr\\\/?s={search_term_string}\"},\"query-input\":{\"@type\":\"PropertyValueSpecification\",\"valueRequired\":true,\"valueName\":\"search_term_string\"}}],\"inLanguage\":\"fr-FR\"},{\"@type\":\"Organization\",\"@id\":\"https:\\\/\\\/www.aequivalent.ch\\\/fr\\\/#organization\",\"name\":\"Aequivalent\",\"url\":\"https:\\\/\\\/www.aequivalent.ch\\\/fr\\\/\",\"logo\":{\"@type\":\"ImageObject\",\"inLanguage\":\"fr-FR\",\"@id\":\"https:\\\/\\\/www.aequivalent.ch\\\/fr\\\/#\\\/schema\\\/logo\\\/image\\\/\",\"url\":\"https:\\\/\\\/www.aequivalent.ch\\\/wp-content\\\/uploads\\\/2021\\\/11\\\/logotype-aeq-rvb-bleu-300.png\",\"contentUrl\":\"https:\\\/\\\/www.aequivalent.ch\\\/wp-content\\\/uploads\\\/2021\\\/11\\\/logotype-aeq-rvb-bleu-300.png\",\"width\":8000,\"height\":1479,\"caption\":\"Aequivalent\"},\"image\":{\"@id\":\"https:\\\/\\\/www.aequivalent.ch\\\/fr\\\/#\\\/schema\\\/logo\\\/image\\\/\"}}]}<\/script>\n<!-- \/ Yoast SEO Premium plugin. -->","yoast_head_json":{"title":"Contact | Aequivalent","description":"Vous avez des questions ? Contactez-nous via notre formulaire de contact ou directement \u00e0 l'adresse info@aequivalent.ch. Nous serons ravis de vous aider.","robots":{"index":"index","follow":"follow","max-snippet":"max-snippet:-1","max-image-preview":"max-image-preview:large","max-video-preview":"max-video-preview:-1"},"canonical":"https:\/\/www.aequivalent.ch\/fr\/contact\/","og_locale":"fr_FR","og_type":"article","og_title":"Contact","og_description":"Vous avez des questions ? Contactez-nous via notre formulaire de contact ou directement \u00e0 l'adresse info@aequivalent.ch. Nous serons ravis de vous aider.","og_url":"https:\/\/www.aequivalent.ch\/fr\/contact\/","og_site_name":"Aequivalent","article_modified_time":"2026-02-11T12:22:34+00:00","og_image":[{"width":1200,"height":675,"url":"https:\/\/www.aequivalent.ch\/wp-content\/uploads\/2023\/11\/20231115_Yoast-Site-Image.jpg","type":"image\/jpeg"}],"twitter_card":"summary_large_image","twitter_misc":{"Dur\u00e9e de lecture estim\u00e9e":"1 minute"},"schema":{"@context":"https:\/\/schema.org","@graph":[{"@type":"WebPage","@id":"https:\/\/www.aequivalent.ch\/fr\/contact\/","url":"https:\/\/www.aequivalent.ch\/fr\/contact\/","name":"Contact | Aequivalent","isPartOf":{"@id":"https:\/\/www.aequivalent.ch\/fr\/#website"},"datePublished":"2025-07-29T17:07:36+00:00","dateModified":"2026-02-11T12:22:34+00:00","description":"Vous avez des questions ? Contactez-nous via notre formulaire de contact ou directement \u00e0 l'adresse info@aequivalent.ch. Nous serons ravis de vous aider.","breadcrumb":{"@id":"https:\/\/www.aequivalent.ch\/fr\/contact\/#breadcrumb"},"inLanguage":"fr-FR","potentialAction":[{"@type":"ReadAction","target":["https:\/\/www.aequivalent.ch\/fr\/contact\/"]}]},{"@type":"BreadcrumbList","@id":"https:\/\/www.aequivalent.ch\/fr\/contact\/#breadcrumb","itemListElement":[{"@type":"ListItem","position":1,"name":"Home","item":"https:\/\/www.aequivalent.ch\/fr\/"},{"@type":"ListItem","position":2,"name":"Contact"}]},{"@type":"WebSite","@id":"https:\/\/www.aequivalent.ch\/fr\/#website","url":"https:\/\/www.aequivalent.ch\/fr\/","name":"Aequivalent","description":"Quality in employment","publisher":{"@id":"https:\/\/www.aequivalent.ch\/fr\/#organization"},"potentialAction":[{"@type":"SearchAction","target":{"@type":"EntryPoint","urlTemplate":"https:\/\/www.aequivalent.ch\/fr\/?s={search_term_string}"},"query-input":{"@type":"PropertyValueSpecification","valueRequired":true,"valueName":"search_term_string"}}],"inLanguage":"fr-FR"},{"@type":"Organization","@id":"https:\/\/www.aequivalent.ch\/fr\/#organization","name":"Aequivalent","url":"https:\/\/www.aequivalent.ch\/fr\/","logo":{"@type":"ImageObject","inLanguage":"fr-FR","@id":"https:\/\/www.aequivalent.ch\/fr\/#\/schema\/logo\/image\/","url":"https:\/\/www.aequivalent.ch\/wp-content\/uploads\/2021\/11\/logotype-aeq-rvb-bleu-300.png","contentUrl":"https:\/\/www.aequivalent.ch\/wp-content\/uploads\/2021\/11\/logotype-aeq-rvb-bleu-300.png","width":8000,"height":1479,"caption":"Aequivalent"},"image":{"@id":"https:\/\/www.aequivalent.ch\/fr\/#\/schema\/logo\/image\/"}}]}},"_links":{"self":[{"href":"https:\/\/www.aequivalent.ch\/fr\/wp-json\/wp\/v2\/pages\/32544","targetHints":{"allow":["GET"]}}],"collection":[{"href":"https:\/\/www.aequivalent.ch\/fr\/wp-json\/wp\/v2\/pages"}],"about":[{"href":"https:\/\/www.aequivalent.ch\/fr\/wp-json\/wp\/v2\/types\/page"}],"author":[{"embeddable":true,"href":"https:\/\/www.aequivalent.ch\/fr\/wp-json\/wp\/v2\/users\/6"}],"replies":[{"embeddable":true,"href":"https:\/\/www.aequivalent.ch\/fr\/wp-json\/wp\/v2\/comments?post=32544"}],"version-history":[{"count":4,"href":"https:\/\/www.aequivalent.ch\/fr\/wp-json\/wp\/v2\/pages\/32544\/revisions"}],"predecessor-version":[{"id":35739,"href":"https:\/\/www.aequivalent.ch\/fr\/wp-json\/wp\/v2\/pages\/32544\/revisions\/35739"}],"wp:attachment":[{"href":"https:\/\/www.aequivalent.ch\/fr\/wp-json\/wp\/v2\/media?parent=32544"}],"curies":[{"name":"wp","href":"https:\/\/api.w.org\/{rel}","templated":true}]}}