{"id":33299,"date":"2025-07-12T15:50:58","date_gmt":"2025-07-12T13:50:58","guid":{"rendered":"https:\/\/www.aequivalent.ch\/mentions-legales\/"},"modified":"2025-08-29T19:39:23","modified_gmt":"2025-08-29T17:39:23","slug":"impressum","status":"publish","type":"page","link":"https:\/\/www.aequivalent.ch\/de\/impressum\/","title":{"rendered":"Impressum"},"content":{"rendered":"<p><div class=\"fusion-fullwidth fullwidth-box fusion-builder-row-1 fusion-flex-container has-pattern-background has-mask-background nonhundred-percent-fullwidth non-hundred-percent-height-scrolling\" style=\"--awb-border-radius-top-left:0px;--awb-border-radius-top-right:0px;--awb-border-radius-bottom-right:0px;--awb-border-radius-bottom-left:0px;--awb-padding-top:30px;--awb-padding-bottom:30px;--awb-background-color:#a1daf8;--awb-flex-wrap:wrap;\" ><div class=\"fusion-builder-row fusion-row fusion-flex-align-items-flex-start fusion-flex-content-wrap\" style=\"max-width:1206.4px;margin-left: calc(-4% \/ 2 );margin-right: calc(-4% \/ 2 );\"><div class=\"fusion-layout-column fusion_builder_column fusion-builder-column-0 fusion_builder_column_1_1 1_1 fusion-flex-column\" style=\"--awb-bg-size:cover;--awb-width-large:100%;--awb-margin-top-large:25px;--awb-spacing-right-large:1.92%;--awb-margin-bottom-large:25px;--awb-spacing-left-large:1.92%;--awb-width-medium:100%;--awb-order-medium:0;--awb-spacing-right-medium:1.92%;--awb-spacing-left-medium:1.92%;--awb-width-small:100%;--awb-order-small:0;--awb-spacing-right-small:1.92%;--awb-spacing-left-small:1.92%;\" data-scroll-devices=\"small-visibility,medium-visibility,large-visibility\"><div class=\"fusion-column-wrapper fusion-column-has-shadow fusion-flex-justify-content-flex-start fusion-content-layout-column\"><div class=\"fusion-title title fusion-title-1 fusion-sep-none fusion-title-center fusion-title-text fusion-title-size-one\" style=\"--awb-text-color:#ffffff;--awb-margin-top-small:0px;--awb-margin-right-small:0px;--awb-margin-bottom-small:20px;--awb-margin-left-small:0px;\"><h1 class=\"fusion-title-heading title-heading-center fusion-responsive-typography-calculated\" style=\"margin:0;--fontSize:49;line-height:1.1;\">Impressum<\/h1><\/div><\/div><\/div><\/div><\/div><div class=\"fusion-fullwidth fullwidth-box fusion-builder-row-2 fusion-flex-container has-pattern-background has-mask-background nonhundred-percent-fullwidth non-hundred-percent-height-scrolling\" style=\"--awb-border-radius-top-left:0px;--awb-border-radius-top-right:0px;--awb-border-radius-bottom-right:0px;--awb-border-radius-bottom-left:0px;--awb-flex-wrap:wrap;\" ><div class=\"fusion-builder-row fusion-row fusion-flex-align-items-flex-start fusion-flex-content-wrap\" style=\"max-width:1206.4px;margin-left: calc(-4% \/ 2 );margin-right: calc(-4% \/ 2 );\"><div class=\"fusion-layout-column fusion_builder_column fusion-builder-column-1 fusion_builder_column_1_1 1_1 fusion-flex-column\" style=\"--awb-bg-size:cover;--awb-width-large:100%;--awb-margin-top-large:25px;--awb-spacing-right-large:1.92%;--awb-margin-bottom-large:25px;--awb-spacing-left-large:1.92%;--awb-width-medium:100%;--awb-order-medium:0;--awb-spacing-right-medium:1.92%;--awb-spacing-left-medium:1.92%;--awb-width-small:100%;--awb-order-small:0;--awb-spacing-right-small:1.92%;--awb-spacing-left-small:1.92%;\"><div class=\"fusion-column-wrapper fusion-column-has-shadow fusion-flex-justify-content-flex-start fusion-content-layout-column\"><div class=\"fusion-section-separator section-separator curved fusion-section-separator-1\" style=\"--awb-spacer-height:99px;--awb-svg-margin-left:1.92%;--awb-svg-margin-right:1.92%;--awb-svg-margin-left-medium:1.92%;--awb-svg-margin-right-medium:1.92%;--awb-svg-margin-left-small:1.92%;--awb-svg-margin-right-small:1.92%;--awb-divider-height:99px;--awb-spacer-padding-top:inherit;--awb-sep-padding:0;--awb-svg-padding:0;--awb-margin-top:-26px;\"><div class=\"fusion-section-separator-svg\"><svg class=\"fusion-curved-candy\" xmlns=\"http:\/\/www.w3.org\/2000\/svg\" version=\"1.1\" width=\"100%\" height=\"100\" viewBox=\"0 0 100 100\" preserveAspectRatio=\"none\" fill=\"rgba(161,218,248,1)\"><path d=\"M0 0 C 20 100 50 100 100 0 Z\"><\/path><\/svg><\/div><div class=\"fusion-section-separator-spacer\"><div class=\"fusion-section-separator-spacer-height\"><\/div><\/div><\/div><\/div><\/div><\/div><\/div><div class=\"fusion-fullwidth fullwidth-box fusion-builder-row-3 fusion-flex-container has-pattern-background has-mask-background nonhundred-percent-fullwidth non-hundred-percent-height-scrolling\" style=\"--awb-border-radius-top-left:0px;--awb-border-radius-top-right:0px;--awb-border-radius-bottom-right:0px;--awb-border-radius-bottom-left:0px;--awb-padding-bottom:80px;--awb-flex-wrap:wrap;\" ><div class=\"fusion-builder-row fusion-row fusion-flex-align-items-flex-start fusion-flex-content-wrap\" style=\"max-width:1206.4px;margin-left: calc(-4% \/ 2 );margin-right: calc(-4% \/ 2 );\"><div class=\"fusion-layout-column fusion_builder_column fusion-builder-column-2 fusion_builder_column_1_2 1_2 fusion-flex-column\" style=\"--awb-bg-size:cover;--awb-width-large:50%;--awb-margin-top-large:25px;--awb-spacing-right-large:3.84%;--awb-margin-bottom-large:25px;--awb-spacing-left-large:3.84%;--awb-width-medium:100%;--awb-order-medium:0;--awb-spacing-right-medium:1.92%;--awb-spacing-left-medium:1.92%;--awb-width-small:100%;--awb-order-small:0;--awb-spacing-right-small:1.92%;--awb-spacing-left-small:1.92%;\"><div class=\"fusion-column-wrapper fusion-column-has-shadow fusion-flex-justify-content-flex-start fusion-content-layout-column\"><div class=\"fusion-text fusion-text-1\" style=\"--awb-content-alignment:left;\"><h2>1. Website-Betreiber<\/h2>\n<p>Die Website aequivalent.ch wird betrieben von:<\/p>\n<p>Aequivalent AG<br \/>\nY-Parc, Rue Galil\u00e9e 6,<br \/>\nCH-1400 Yverdon-les-Bains<br \/>\nSchweiz<\/p>\n<p>E-Mail: <span style=\"color: #000000;\"><a style=\"color: #000000;\" href=\"mailto:info@aequivalent.ch\">info@aequivalent.ch<\/a><\/span><br \/>\nTelefon: <a href=\"tel:+41245243002\">+41 24 524 30 02<\/a><\/p>\n<p>Rechtsform: Aktiengesellschaft<br \/>\nHandelsregisternummer: CH-550.1.158.737-3<br \/>\nUnternehmens-Identifikationsnummer (UID): CHE-321.788.708<\/p>\n<p>Verantwortlich f\u00fcr die Ver\u00f6ffentlichung: Michael Platen, Gr\u00fcnder &amp; Verkaufsleiter<\/p>\n<\/div><\/div><\/div><div class=\"fusion-layout-column fusion_builder_column fusion-builder-column-3 fusion_builder_column_1_2 1_2 fusion-flex-column\" style=\"--awb-bg-size:cover;--awb-width-large:50%;--awb-margin-top-large:25px;--awb-spacing-right-large:3.84%;--awb-margin-bottom-large:25px;--awb-spacing-left-large:3.84%;--awb-width-medium:100%;--awb-order-medium:0;--awb-spacing-right-medium:1.92%;--awb-spacing-left-medium:1.92%;--awb-width-small:100%;--awb-order-small:0;--awb-spacing-right-small:1.92%;--awb-spacing-left-small:1.92%;\"><div class=\"fusion-column-wrapper fusion-column-has-shadow fusion-flex-justify-content-flex-start fusion-content-layout-column\"><div class=\"fusion-text fusion-text-2\" style=\"--awb-content-alignment:left;\"><h2>2. Hosting<\/h2>\n<p>Die Website wird gehostet von:<\/p>\n<p>Infomaniak Network SA<br \/>\nRue Eug\u00e8ne-Marziano 25<br \/>\n1227 Les Acacias, Gen\u00e8ve<br \/>\nSchweiz<\/p>\n<p>Website: <a href=\"https:\/\/www.infomaniak.com\" target=\"_blank\" rel=\"noopener\">www.infomaniak.com<\/a><\/p>\n<p>Die auf dieser Website verwendeten Fotos sind entweder Eigentum der Aequivalent\u00a0AG\u00a0oder stammen aus Bilddatenbanken wie Freepik und Adobe Stock und werden gem\u00e4ss\u00a0den jeweiligen Lizenzbedingungen verwendet.<\/p>\n<\/div><\/div><\/div><\/div><\/div><\/p>\n","protected":false},"excerpt":{"rendered":"","protected":false},"author":6,"featured_media":0,"parent":0,"menu_order":0,"comment_status":"closed","ping_status":"closed","template":"100-width.php","meta":{"footnotes":""},"class_list":["post-33299","page","type-page","status-publish","hentry"],"yoast_head":"<!-- This site is optimized with the Yoast SEO Premium plugin v27.4 (Yoast SEO v27.4) - https:\/\/yoast.com\/product\/yoast-seo-premium-wordpress\/ -->\n<title>Impressum | Aequivalent<\/title>\n<meta name=\"description\" content=\"Impressum der Website aequivalent.ch. Unternehmensinformationen, Kontaktangaben, Urheberrechte an Inhalten und Bildnachweise.\" \/>\n<meta name=\"robots\" content=\"index, follow, max-snippet:-1, max-image-preview:large, max-video-preview:-1\" \/>\n<link rel=\"canonical\" href=\"https:\/\/www.aequivalent.ch\/de\/impressum\/\" \/>\n<meta property=\"og:locale\" content=\"de_DE\" \/>\n<meta property=\"og:type\" content=\"article\" \/>\n<meta property=\"og:title\" content=\"Impressum\" \/>\n<meta property=\"og:description\" content=\"Impressum der Website aequivalent.ch. Unternehmensinformationen, Kontaktangaben, Urheberrechte an Inhalten und Bildnachweise.\" \/>\n<meta property=\"og:url\" content=\"https:\/\/www.aequivalent.ch\/de\/impressum\/\" \/>\n<meta property=\"og:site_name\" content=\"Aequivalent\" \/>\n<meta property=\"article:modified_time\" content=\"2025-08-29T17:39:23+00:00\" \/>\n<meta property=\"og:image\" content=\"https:\/\/www.aequivalent.ch\/wp-content\/uploads\/2023\/11\/20231115_Yoast-Site-Image.jpg\" \/>\n\t<meta property=\"og:image:width\" content=\"1200\" \/>\n\t<meta property=\"og:image:height\" content=\"675\" \/>\n\t<meta property=\"og:image:type\" content=\"image\/jpeg\" \/>\n<meta name=\"twitter:card\" content=\"summary_large_image\" \/>\n<meta name=\"twitter:label1\" content=\"Gesch\u00e4tzte Lesezeit\" \/>\n\t<meta name=\"twitter:data1\" content=\"1\u00a0Minute\" \/>\n<script type=\"application\/ld+json\" class=\"yoast-schema-graph\">{\"@context\":\"https:\\\/\\\/schema.org\",\"@graph\":[{\"@type\":\"WebPage\",\"@id\":\"https:\\\/\\\/www.aequivalent.ch\\\/de\\\/impressum\\\/\",\"url\":\"https:\\\/\\\/www.aequivalent.ch\\\/de\\\/impressum\\\/\",\"name\":\"Impressum | Aequivalent\",\"isPartOf\":{\"@id\":\"https:\\\/\\\/www.aequivalent.ch\\\/de\\\/#website\"},\"datePublished\":\"2025-07-12T13:50:58+00:00\",\"dateModified\":\"2025-08-29T17:39:23+00:00\",\"description\":\"Impressum der Website aequivalent.ch. Unternehmensinformationen, Kontaktangaben, Urheberrechte an Inhalten und Bildnachweise.\",\"breadcrumb\":{\"@id\":\"https:\\\/\\\/www.aequivalent.ch\\\/de\\\/impressum\\\/#breadcrumb\"},\"inLanguage\":\"de\",\"potentialAction\":[{\"@type\":\"ReadAction\",\"target\":[\"https:\\\/\\\/www.aequivalent.ch\\\/de\\\/impressum\\\/\"]}]},{\"@type\":\"BreadcrumbList\",\"@id\":\"https:\\\/\\\/www.aequivalent.ch\\\/de\\\/impressum\\\/#breadcrumb\",\"itemListElement\":[{\"@type\":\"ListItem\",\"position\":1,\"name\":\"Home\",\"item\":\"https:\\\/\\\/www.aequivalent.ch\\\/de\\\/\"},{\"@type\":\"ListItem\",\"position\":2,\"name\":\"Impressum\"}]},{\"@type\":\"WebSite\",\"@id\":\"https:\\\/\\\/www.aequivalent.ch\\\/de\\\/#website\",\"url\":\"https:\\\/\\\/www.aequivalent.ch\\\/de\\\/\",\"name\":\"Aequivalent\",\"description\":\"Quality in employment\",\"publisher\":{\"@id\":\"https:\\\/\\\/www.aequivalent.ch\\\/de\\\/#organization\"},\"potentialAction\":[{\"@type\":\"SearchAction\",\"target\":{\"@type\":\"EntryPoint\",\"urlTemplate\":\"https:\\\/\\\/www.aequivalent.ch\\\/de\\\/?s={search_term_string}\"},\"query-input\":{\"@type\":\"PropertyValueSpecification\",\"valueRequired\":true,\"valueName\":\"search_term_string\"}}],\"inLanguage\":\"de\"},{\"@type\":\"Organization\",\"@id\":\"https:\\\/\\\/www.aequivalent.ch\\\/de\\\/#organization\",\"name\":\"Aequivalent\",\"url\":\"https:\\\/\\\/www.aequivalent.ch\\\/de\\\/\",\"logo\":{\"@type\":\"ImageObject\",\"inLanguage\":\"de\",\"@id\":\"https:\\\/\\\/www.aequivalent.ch\\\/de\\\/#\\\/schema\\\/logo\\\/image\\\/\",\"url\":\"https:\\\/\\\/www.aequivalent.ch\\\/wp-content\\\/uploads\\\/2021\\\/11\\\/logotype-aeq-rvb-bleu-300.png\",\"contentUrl\":\"https:\\\/\\\/www.aequivalent.ch\\\/wp-content\\\/uploads\\\/2021\\\/11\\\/logotype-aeq-rvb-bleu-300.png\",\"width\":8000,\"height\":1479,\"caption\":\"Aequivalent\"},\"image\":{\"@id\":\"https:\\\/\\\/www.aequivalent.ch\\\/de\\\/#\\\/schema\\\/logo\\\/image\\\/\"}}]}<\/script>\n<!-- \/ Yoast SEO Premium plugin. -->","yoast_head_json":{"title":"Impressum | Aequivalent","description":"Impressum der Website aequivalent.ch. Unternehmensinformationen, Kontaktangaben, Urheberrechte an Inhalten und Bildnachweise.","robots":{"index":"index","follow":"follow","max-snippet":"max-snippet:-1","max-image-preview":"max-image-preview:large","max-video-preview":"max-video-preview:-1"},"canonical":"https:\/\/www.aequivalent.ch\/de\/impressum\/","og_locale":"de_DE","og_type":"article","og_title":"Impressum","og_description":"Impressum der Website aequivalent.ch. Unternehmensinformationen, Kontaktangaben, Urheberrechte an Inhalten und Bildnachweise.","og_url":"https:\/\/www.aequivalent.ch\/de\/impressum\/","og_site_name":"Aequivalent","article_modified_time":"2025-08-29T17:39:23+00:00","og_image":[{"width":1200,"height":675,"url":"https:\/\/www.aequivalent.ch\/wp-content\/uploads\/2023\/11\/20231115_Yoast-Site-Image.jpg","type":"image\/jpeg"}],"twitter_card":"summary_large_image","twitter_misc":{"Gesch\u00e4tzte Lesezeit":"1\u00a0Minute"},"schema":{"@context":"https:\/\/schema.org","@graph":[{"@type":"WebPage","@id":"https:\/\/www.aequivalent.ch\/de\/impressum\/","url":"https:\/\/www.aequivalent.ch\/de\/impressum\/","name":"Impressum | Aequivalent","isPartOf":{"@id":"https:\/\/www.aequivalent.ch\/de\/#website"},"datePublished":"2025-07-12T13:50:58+00:00","dateModified":"2025-08-29T17:39:23+00:00","description":"Impressum der Website aequivalent.ch. Unternehmensinformationen, Kontaktangaben, Urheberrechte an Inhalten und Bildnachweise.","breadcrumb":{"@id":"https:\/\/www.aequivalent.ch\/de\/impressum\/#breadcrumb"},"inLanguage":"de","potentialAction":[{"@type":"ReadAction","target":["https:\/\/www.aequivalent.ch\/de\/impressum\/"]}]},{"@type":"BreadcrumbList","@id":"https:\/\/www.aequivalent.ch\/de\/impressum\/#breadcrumb","itemListElement":[{"@type":"ListItem","position":1,"name":"Home","item":"https:\/\/www.aequivalent.ch\/de\/"},{"@type":"ListItem","position":2,"name":"Impressum"}]},{"@type":"WebSite","@id":"https:\/\/www.aequivalent.ch\/de\/#website","url":"https:\/\/www.aequivalent.ch\/de\/","name":"Aequivalent","description":"Quality in employment","publisher":{"@id":"https:\/\/www.aequivalent.ch\/de\/#organization"},"potentialAction":[{"@type":"SearchAction","target":{"@type":"EntryPoint","urlTemplate":"https:\/\/www.aequivalent.ch\/de\/?s={search_term_string}"},"query-input":{"@type":"PropertyValueSpecification","valueRequired":true,"valueName":"search_term_string"}}],"inLanguage":"de"},{"@type":"Organization","@id":"https:\/\/www.aequivalent.ch\/de\/#organization","name":"Aequivalent","url":"https:\/\/www.aequivalent.ch\/de\/","logo":{"@type":"ImageObject","inLanguage":"de","@id":"https:\/\/www.aequivalent.ch\/de\/#\/schema\/logo\/image\/","url":"https:\/\/www.aequivalent.ch\/wp-content\/uploads\/2021\/11\/logotype-aeq-rvb-bleu-300.png","contentUrl":"https:\/\/www.aequivalent.ch\/wp-content\/uploads\/2021\/11\/logotype-aeq-rvb-bleu-300.png","width":8000,"height":1479,"caption":"Aequivalent"},"image":{"@id":"https:\/\/www.aequivalent.ch\/de\/#\/schema\/logo\/image\/"}}]}},"_links":{"self":[{"href":"https:\/\/www.aequivalent.ch\/de\/wp-json\/wp\/v2\/pages\/33299","targetHints":{"allow":["GET"]}}],"collection":[{"href":"https:\/\/www.aequivalent.ch\/de\/wp-json\/wp\/v2\/pages"}],"about":[{"href":"https:\/\/www.aequivalent.ch\/de\/wp-json\/wp\/v2\/types\/page"}],"author":[{"embeddable":true,"href":"https:\/\/www.aequivalent.ch\/de\/wp-json\/wp\/v2\/users\/6"}],"replies":[{"embeddable":true,"href":"https:\/\/www.aequivalent.ch\/de\/wp-json\/wp\/v2\/comments?post=33299"}],"version-history":[{"count":0,"href":"https:\/\/www.aequivalent.ch\/de\/wp-json\/wp\/v2\/pages\/33299\/revisions"}],"wp:attachment":[{"href":"https:\/\/www.aequivalent.ch\/de\/wp-json\/wp\/v2\/media?parent=33299"}],"curies":[{"name":"wp","href":"https:\/\/api.w.org\/{rel}","templated":true}]}}